{"id":61078,"date":"2025-03-13T16:27:33","date_gmt":"2025-03-13T15:27:33","guid":{"rendered":"https:\/\/savondemarseille.boutique\/produit\/barre-4-savonnettes-2\/"},"modified":"2026-03-10T09:01:41","modified_gmt":"2026-03-10T08:01:41","slug":"barre-4-savonnettes-2","status":"publish","type":"product","link":"https:\/\/savondemarseille.boutique\/en\/product-2\/barre-4-savonnettes-2\/","title":{"rendered":"Bar of 4 bars of soap"},"content":{"rendered":"<p><span data-sheets-root=\"1\">Discover our bars of four scented soaps, presented in pretty cardboard boxes designed to fit perfectly into their hexagonal shape. Each assortment combines harmonious colours and refined scents for a unique moment of well-being.<\/span><\/p>\n<p>&nbsp;<\/p>","protected":false},"excerpt":{"rendered":"<p><span data-sheets-root=\"1\">Discover our ranges:<\/span><\/p>\n<p>Barre Rose : des notes fruit\u00e9es et fleuries avec framboise, fraise, litchi et coco.<\/p>\n<p>Barre Bleue : une vague de fra\u00eecheur avec c\u00e8dre, marine, musc sabaya et musc.<\/p>\n<p>Barre Verte : un souffle v\u00e9g\u00e9tal et acidul\u00e9 avec olive, tilleul, citron vert et amande.<\/p>\n<p>Barre Mauve : une ambiance douce et \u00e9l\u00e9gante avec cassis, lavande exfoliant, fleur de cerisier et cam\u00e9lia.<\/p>\n<p>Directions for use :<\/p>\n<p>Moisten your skin, then glide the soap directly onto your body or between your hands to create a generous lather. Apply with gentle circular movements, then rinse thoroughly with clean water. Suitable for all skin types for daily use.<\/p>","protected":false},"featured_media":61079,"comment_status":"closed","ping_status":"closed","template":"","meta":{"inline_featured_image":false,"wds_primary_product_brand":0,"wds_primary_product_cat":0},"product_brand":[],"product_cat":[136,148],"product_tag":[105],"class_list":{"0":"post-61078","1":"product","2":"type-product","3":"status-publish","4":"has-post-thumbnail","6":"product_cat-coffret-savon","7":"product_cat-coffrets-savons","8":"product_tag-vert","9":"description-off","11":"first","12":"instock","13":"taxable","14":"shipping-taxable","15":"purchasable","16":"product-type-variable"},"_links":{"self":[{"href":"https:\/\/savondemarseille.boutique\/en\/wp-json\/wp\/v2\/product\/61078","targetHints":{"allow":["GET"]}}],"collection":[{"href":"https:\/\/savondemarseille.boutique\/en\/wp-json\/wp\/v2\/product"}],"about":[{"href":"https:\/\/savondemarseille.boutique\/en\/wp-json\/wp\/v2\/types\/product"}],"replies":[{"embeddable":true,"href":"https:\/\/savondemarseille.boutique\/en\/wp-json\/wp\/v2\/comments?post=61078"}],"wp:featuredmedia":[{"embeddable":true,"href":"https:\/\/savondemarseille.boutique\/en\/wp-json\/wp\/v2\/media\/61079"}],"wp:attachment":[{"href":"https:\/\/savondemarseille.boutique\/en\/wp-json\/wp\/v2\/media?parent=61078"}],"wp:term":[{"taxonomy":"product_brand","embeddable":true,"href":"https:\/\/savondemarseille.boutique\/en\/wp-json\/wp\/v2\/product_brand?post=61078"},{"taxonomy":"product_cat","embeddable":true,"href":"https:\/\/savondemarseille.boutique\/en\/wp-json\/wp\/v2\/product_cat?post=61078"},{"taxonomy":"product_tag","embeddable":true,"href":"https:\/\/savondemarseille.boutique\/en\/wp-json\/wp\/v2\/product_tag?post=61078"}],"curies":[{"name":"wp","href":"https:\/\/api.w.org\/{rel}","templated":true}]}}