{"id":56347,"date":"2025-02-20T13:42:59","date_gmt":"2025-02-20T13:42:59","guid":{"rendered":"https:\/\/savondemarseille.boutique\/thank-you-5\/"},"modified":"2025-02-20T14:24:53","modified_gmt":"2025-02-20T14:24:53","slug":"thank-you-5","status":"publish","type":"page","link":"https:\/\/savondemarseille.boutique\/en\/thank-you-5\/","title":{"rendered":"Thank you page"},"content":{"rendered":"<h1 style=\"text-align: center;\">Thank you for your order<\/h1>\r\n<div>\u00a0<\/div>\r\n<div style=\"text-align: center; font-weight: bold;\">Your order number is: #[yith_ctpw_order_number].<\/div>\r\n\r\n\r\n\r\n\r\n\r\n<p>[yith_orderreview_table order_id=\"56164\u2033 show_title=\"yes \" show_thumb=\"yes \" title_color=\"#afc4af \" text_align=\"justified \" accent_color=\"#afc4af \"]<\/p>\r\n\r\n\r\n\r\n<p>[yith_ctpw_pdf_button bkg_color=\"#afc4af \" bkg_color_hover=\"#dd9933\u2033 text_color=\"#ffffff \" text_color_hover=\"#ffffff \" border_radius=\"30\u2033]<\/p>\r\n\r\n\r\n\r\n<div class=\"wp-block-spacer\" style=\"height: 47px;\" aria-hidden=\"true\">\u00a0<\/div>\r\n\r\n\r\n\r\n<div class=\"wp-block-columns is-layout-flex wp-container-core-columns-is-layout-9d6595d7 wp-block-columns-is-layout-flex\">\r\n<div class=\"wp-block-column is-layout-flow wp-block-column-is-layout-flow\"> [yith_orderreview_customer_details order_id=\"56164\u2033 show_title=\"yes \" title_color=\"#afc4af \" text_align=\"left \" layout=\"traditional\"] <\/div>\r\n\r\n\r\n\r\n<div class=\"wp-block-column is-layout-flow wp-block-column-is-layout-flow\">\r\n<div style=\"padding: 20px 0; background-color: #eeeff5;\">\r\n<p style=\"text-align: center;\"><b>If you need any help, don't hesitate to contact us:<\/b><\/p>\r\n<p style=\"color: #afc4af; font-size: 140%; text-align: center;\"><span style=\"color: #afc4af;\"><a style=\"color: #afc4af;\" href=\"tel:0496179598\"><span class=\"elementor-icon-list-text\">04 96 17 95 98<\/span><\/a><\/span><\/p>\r\n<p style=\"text-align: center;\"><span style=\"color: #000000;\"><strong><a style=\"color: #000000;\" href=\"mailto:contact@savonnerie-marseillaise.com%EF%BB%BF\"><span class=\"elementor-icon-list-text\"><span style=\"color: #afc4af;\">contact@savonnerie-marseillaise.com<\/span><\/span><\/a><\/strong><\/span><\/p>\r\n<\/div>\r\n<\/div>\r\n<\/div>","protected":false},"excerpt":{"rendered":"<p>Merci pour votre commande \u00a0 Votre commande porte le num\u00e9ro : #[yith_ctpw_order_number] Besoin d&rsquo;aide n&rsquo;h\u00e9sitez pas \u00e0 nous contacter : 04 96 17 95 98 contact@savonnerie-marseillaise.com<\/p>","protected":false},"author":1,"featured_media":0,"parent":0,"menu_order":0,"comment_status":"closed","ping_status":"closed","template":"","meta":{"inline_featured_image":false,"footnotes":""},"class_list":["post-56347","page","type-page","status-publish","hentry","description-off"],"_links":{"self":[{"href":"https:\/\/savondemarseille.boutique\/en\/wp-json\/wp\/v2\/pages\/56347","targetHints":{"allow":["GET"]}}],"collection":[{"href":"https:\/\/savondemarseille.boutique\/en\/wp-json\/wp\/v2\/pages"}],"about":[{"href":"https:\/\/savondemarseille.boutique\/en\/wp-json\/wp\/v2\/types\/page"}],"author":[{"embeddable":true,"href":"https:\/\/savondemarseille.boutique\/en\/wp-json\/wp\/v2\/users\/1"}],"replies":[{"embeddable":true,"href":"https:\/\/savondemarseille.boutique\/en\/wp-json\/wp\/v2\/comments?post=56347"}],"version-history":[{"count":5,"href":"https:\/\/savondemarseille.boutique\/en\/wp-json\/wp\/v2\/pages\/56347\/revisions"}],"predecessor-version":[{"id":56364,"href":"https:\/\/savondemarseille.boutique\/en\/wp-json\/wp\/v2\/pages\/56347\/revisions\/56364"}],"wp:attachment":[{"href":"https:\/\/savondemarseille.boutique\/en\/wp-json\/wp\/v2\/media?parent=56347"}],"curies":[{"name":"wp","href":"https:\/\/api.w.org\/{rel}","templated":true}]}}